{"id":599,"date":"2023-06-10T18:41:28","date_gmt":"2023-06-10T16:41:28","guid":{"rendered":"http:\/\/rugby-nantes.fr\/?page_id=599"},"modified":"2023-10-01T19:34:58","modified_gmt":"2023-10-01T17:34:58","slug":"nos-partenaires","status":"publish","type":"page","link":"https:\/\/rugby-nantes.fr\/?page_id=599","title":{"rendered":"Nos partenaires"},"content":{"rendered":"\n<div id=\"wp-block-themeisle-blocks-advanced-columns-c83abc17\" class=\"wp-block-themeisle-blocks-advanced-columns has-1-columns has-desktop-equal-layout has-tablet-equal-layout has-mobile-equal-layout has-vertical-unset\"><div class=\"wp-block-themeisle-blocks-advanced-columns-overlay\"><\/div><div class=\"innerblocks-wrap\">\n<div id=\"wp-block-themeisle-blocks-advanced-column-cb7f1c39\" class=\"wp-block-themeisle-blocks-advanced-column\">\n<link rel=\"stylesheet\" href=\"https:\/\/cdnjs.cloudflare.com\/ajax\/libs\/materialize\/1.0.0\/css\/materialize.min.css\">\n\n <script src=\"https:\/\/cdnjs.cloudflare.com\/ajax\/libs\/materialize\/1.0.0\/js\/materialize.min.js\"><\/script>\n\n <link href=\"https:\/\/fonts.googleapis.com\/icon?family=Material+Icons\" rel=\"stylesheet\">\n<\/div>\n<\/div><\/div>\n\n\n\n\n\n<hr class=\"wp-block-separator has-alpha-channel-opacity\"\/>\n\n\n\n<h3 class=\"wp-block-heading\"><strong>DEVENEZ PARTENAIRE DES BRAKASS<\/strong><\/h3>\n\n\n\n<p><\/p>\n\n\n\n<p>Tout \u00e7a gr\u00e2ce \u00e0 vous, partenaires, sponsors, m\u00e9c\u00e8nes, qui donnez un peu de votre argent pour que le club vive et rayonne. Notre politique de partenariat est simple : on joue le jeu, nous sommes pr\u00e9sents \u00e0 vos soir\u00e9es organis\u00e9es, \u00e0 vos \u00e9v\u00e8nements d\u2019entreprises ou encore \u00e0 vos lancements de produits. Devenir partenaire des BRAKASS, c\u2019est vous associer \u00e0 la vie d\u2019un club de Rugby et partager des moments d\u2019\u00e9motion et de convivialit\u00e9 uniques. Pourquoi pas vous ?<\/p>\n\n\n\n<p>Contact : <a href=\"mailto:brakass.partenaire@gmail.com\">brakass.partenaire@gmail.com<\/a><\/p>\n\n\n<h2 style=\"text-align: center;\"><strong>Contactez-nous<\/strong><\/h2>\n\n\n<div class=\"wp-block-columns is-layout-flex wp-container-core-columns-is-layout-28f84493 wp-block-columns-is-layout-flex\">\n<div class=\"wp-block-column is-layout-flow wp-block-column-is-layout-flow\">\n<p class=\"has-text-align-center\"><strong>VIVEZ EN ROSE ET BLEU !<\/strong><\/p>\n\n\n\n<p>Venez d\u00e9couvrir notre club, sa vie sur le terrain et en dehors !<br>Matchs amicaux, \u00e9v\u00e8nements extra sportive, rencontres r\u00e9seaux professionnels, autant d\u2019activit\u00e9s qui font<br>que les Brakass sont bien plus qu\u2019un simple club de rugby.<br>Pour venir jouer ou nous sponsoriser, n\u2019h\u00e9sitez pas \u00e0 contacter notre \u00e9quipe pour plus de renseignements !<\/p>\n\n\n\n<div class=\"wp-block-buttons is-content-justification-center is-layout-flex wp-container-core-buttons-is-layout-a89b3969 wp-block-buttons-is-layout-flex\">\n<div class=\"wp-block-button\"><a class=\"wp-block-button__link has-text-align-center wp-element-button\" href=\"http:\/\/rugby-nantes.fr\/?page_id=506\">Contact<\/a><\/div>\n<\/div>\n<\/div>\n\n\n\n<div class=\"wp-block-column is-layout-flow wp-block-column-is-layout-flow\">\n<\/div>\n<\/div>\n","protected":false},"excerpt":{"rendered":"<p>DEVENEZ PARTENAIRE DES BRAKASS Tout \u00e7a gr\u00e2ce \u00e0 vous, partenaires, sponsors, m\u00e9c\u00e8nes, qui donnez un peu de votre argent pour que le club vive et rayonne. Notre politique de partenariat est simple : on joue le jeu, nous sommes pr\u00e9sents \u00e0 vos soir\u00e9es organis\u00e9es, \u00e0 vos \u00e9v\u00e8nements d\u2019entreprises ou encore \u00e0 vos lancements de produits. &hellip;<\/p>\n<p class=\"read-more\"> <a class=\"\" href=\"https:\/\/rugby-nantes.fr\/?page_id=599\"> <span class=\"screen-reader-text\">Nos partenaires<\/span> Lire la suite\u00a0\u00bb<\/a><\/p>\n","protected":false},"author":1,"featured_media":0,"parent":0,"menu_order":0,"comment_status":"closed","ping_status":"closed","template":"","meta":{"_acf_changed":false,"site-sidebar-layout":"default","site-content-layout":"default","ast-global-header-display":"","ast-main-header-display":"","ast-hfb-above-header-display":"","ast-hfb-below-header-display":"","ast-hfb-mobile-header-display":"","site-post-title":"disabled","ast-breadcrumbs-content":"","ast-featured-img":"","footer-sml-layout":"","theme-transparent-header-meta":"","adv-header-id-meta":"","stick-header-meta":"","header-above-stick-meta":"","header-main-stick-meta":"","header-below-stick-meta":"","_themeisle_gutenberg_block_has_review":false,"footnotes":""},"class_list":["post-599","page","type-page","status-publish","hentry"],"acf":[],"aioseo_notices":[],"_links":{"self":[{"href":"https:\/\/rugby-nantes.fr\/index.php?rest_route=\/wp\/v2\/pages\/599","targetHints":{"allow":["GET"]}}],"collection":[{"href":"https:\/\/rugby-nantes.fr\/index.php?rest_route=\/wp\/v2\/pages"}],"about":[{"href":"https:\/\/rugby-nantes.fr\/index.php?rest_route=\/wp\/v2\/types\/page"}],"author":[{"embeddable":true,"href":"https:\/\/rugby-nantes.fr\/index.php?rest_route=\/wp\/v2\/users\/1"}],"replies":[{"embeddable":true,"href":"https:\/\/rugby-nantes.fr\/index.php?rest_route=%2Fwp%2Fv2%2Fcomments&post=599"}],"version-history":[{"count":30,"href":"https:\/\/rugby-nantes.fr\/index.php?rest_route=\/wp\/v2\/pages\/599\/revisions"}],"predecessor-version":[{"id":1103,"href":"https:\/\/rugby-nantes.fr\/index.php?rest_route=\/wp\/v2\/pages\/599\/revisions\/1103"}],"wp:attachment":[{"href":"https:\/\/rugby-nantes.fr\/index.php?rest_route=%2Fwp%2Fv2%2Fmedia&parent=599"}],"curies":[{"name":"wp","href":"https:\/\/api.w.org\/{rel}","templated":true}]}}