{"id":2,"date":"2022-08-01T17:55:22","date_gmt":"2022-08-01T15:55:22","guid":{"rendered":"http:\/\/rugby-nantes.fr\/?page_id=2"},"modified":"2026-02-01T15:53:53","modified_gmt":"2026-02-01T14:53:53","slug":"accueil","status":"publish","type":"page","link":"https:\/\/rugby-nantes.fr\/","title":{"rendered":"BRAKASS"},"content":{"rendered":"<h1 style=\"text-align: center;\">BRAKASS RUGBY CLUB<\/h1>\n\n\n<p><\/p>\n\n\n\n\n\n<p><\/p>\n\n\n\n\n\n<p><\/p>\n\n\n\n\n\n<p><\/p>\n\n\n\n<figure class=\"wp-block-image size-full\"><img decoding=\"async\" src=\"http:\/\/rugby-nantes.fr\/wp-content\/uploads\/2024\/06\/20240601_200627.jpg\" alt=\"\" class=\"wp-image-1255\"\/><\/figure>\n\n\n\n<div class=\"inherit-container-width wp-block-group alignwide is-layout-constrained wp-block-group-is-layout-constrained\">\n<div class=\"wp-block-columns is-layout-flex wp-container-core-columns-is-layout-28f84493 wp-block-columns-is-layout-flex\">\n<div class=\"wp-block-column ticss-053e70cb is-layout-constrained wp-block-column-is-layout-constrained\" style=\"flex-basis:10%\"><\/div>\n\n\n\n<div class=\"wp-block-column is-layout-flow wp-block-column-is-layout-flow\" style=\"flex-basis:80%\">\n<p>Le Club de Rugby Nantais les BRAKASS est un club de rugby loisir localis\u00e9 \u00e0 Nantes. Trois \u00e9quipes constituent notre club : Rugby Loisir, Rugby \u00e0 5 et Rugby \u00e0 10<\/p>\n\n\n\n<p><strong>Rugby Loisir \u00e0 15 :<\/strong> Rugby avec plaquage, accessible aux novices et aux joueurs exp\u00e9riment\u00e9s. Les entra\u00eenements se d\u00e9roulent le mardi de 20h \u00e0 22h sur la plaine de jeux de S\u00e8vre, 22 rue de l\u2019Oliveraie avec les matchs le dimanche matin (une quinzaine de matchs par saison).<\/p>\n\n\n\n<p><strong>Rugby \u00e0 5 : <\/strong>Rugby sans plaquage, qui se caract\u00e9rise par le \u00ab toucher \u00e0 deux mains \u00bb pour stopper la progression de l\u2019adversaire. Il s\u2019agit d\u2019une activit\u00e9 mixte (hommes et femmes peuvent jouer ensemble), qui s\u2019adresse \u00e0 tous, quel que soit la condition physique. Les<br>entra\u00eenements se d\u00e9roulent le samedi de 10h30h \u00e0 12h sur le stade de Mangin Beaulieu, Rue des Boires avec les matchs le dimanche sous forme de tournoi (un tournoi tous les deux mois).<\/p>\n\n\n\n<p><strong>Rugby \u00e0 10 :<\/strong> Avec les m\u00eames r\u00e8gles que le rugby Loisir, il s\u2019adresse au plus de 35 ans. Cette pratique offre un \u00e9quilibre entre 5 et Loisir : mobilisation de l\u2019espace, sp\u00e9cificit\u00e9 des postes, diversit\u00e9 des profils. Les entra\u00eenements se d\u00e9roulent le mardi de 20h \u00e0 22h sur la plaine de jeux de S\u00e8vre, 22 rue de l\u2019Oliveraie avec les matchs le dimanche sous forme de tournoi (deux tournois par saison).<\/p>\n\n\n\n<div class=\"wp-block-columns is-layout-flex wp-container-core-columns-is-layout-28f84493 wp-block-columns-is-layout-flex\">\n<div class=\"wp-block-column ticss-30a91159 is-layout-flow wp-block-column-is-layout-flow\" style=\"flex-basis:100%\">\n<p class=\"has-text-align-center ticss-389ebbe9 has-white-color has-text-color has-background\" style=\"background-color:#611ef7\">BRAKASS un jour, BRAKASS toujours<\/p>\n<\/div>\n<\/div>\n\n\n\n<p><\/p>\n\n\n\n<p>Le rugby est un sport exigeant qui requiert de la force physique, de l&rsquo;endurance, de la technique et de l&rsquo;esprit d&rsquo;\u00e9quipe. C&rsquo;est \u00e9galement un sport qui met en avant des valeurs telles que le respect, l&rsquo;int\u00e9grit\u00e9, la solidarit\u00e9, la discipline et la passion. <strong>Notre club<\/strong> est en accord complet avec<strong> les valeurs fortes du rugby<\/strong> et les encourage au quotidien. <\/p>\n\n\n\n<p>Au <strong>BRAKASS Rugby Club<\/strong>, chaque joueur, de tous niveaux, peut pratiquer son sport dans un environnement <strong>convivial<\/strong> et <strong>bienveillant<\/strong>. Les d\u00e9butants sont accompagn\u00e9s dans leur d\u00e9couverte du rugby avec une grande attention. Notre rugby offre aux joueurs une <strong>forme d\u2019exercice physique<\/strong> r\u00e9guli\u00e8re, qui contribue \u00e0 am\u00e9liorer leur sant\u00e9 et leur bien\u00eatre g\u00e9n\u00e9ral. De plus, chaque joueur peut choisir de jouer \u00e0 temps partiel ou de mani\u00e8re plus occasionnelle en fonction de son emploi du temps. L\u2019esprit <strong>d\u2019h\u00e9ritage <\/strong>et de <strong>transmission <\/strong>est une autre valeur qui porte notre club. <\/p>\n\n\n\n<p>Notre association ne se limite pas \u00e0 la pratique sportive.<strong> Nous cr\u00e9ons chaque ann\u00e9e des \u00e9v\u00e8nements pour mettre en avant notre sport et d&rsquo;autres causes qui nous tiennent \u00e0 coeur<\/strong> (d\u00e9placement de fin d\u2019ann\u00e9e, tournoi de rugby \u00e0 7, participation aux \u00e9v\u00e8nements rugbystiques du territoire, organisation d\u2019un tournoi de p\u00e9tanque, gala de no\u00ebl\u2026). C\u2019est lors de ces \u00e9v\u00e8nements que nous cherchons \u00e0 renforcer nos liens sociaux et \u00e0 promouvoir la solidarit\u00e9 et le vivre-ensemble. <\/p>\n\n\n\n<p>L\u2019un des principaux <strong>points forts<\/strong> de notre association est qu\u2019elle permet aux joueurs de<strong> tous niveaux <\/strong>et de<strong> tous \u00e2ges<\/strong> de participer \u00e0 un sport d\u2019\u00e9quipe amusant et stimulant. Notre association est en <strong>perp\u00e9tuelle \u00e9volution et renouvellement<\/strong> et nous aimons<strong> partager et communiquer<\/strong> sur nos actions. Notre point d\u2019am\u00e9lioration reste le nombre de <strong>b\u00e9n\u00e9voles <\/strong>qui en augmentant, nous permettrons d\u2019aller encore plus loin.<\/p>\n\n\n\n<div class=\"wp-block-columns ticss-8994af37 is-layout-flex wp-container-core-columns-is-layout-ea69a204 wp-block-columns-is-layout-flex\">\n<div class=\"wp-block-column is-layout-flow wp-block-column-is-layout-flow\">\n<p class=\"has-text-align-left ticss-683ed00f has-white-color has-text-color has-background\" style=\"background-color:#611ef7\"><strong>60<\/strong><br>C\u2019est environ le nombre de joueurs que le club poss\u00e8de par saison<\/p>\n<\/div>\n\n\n\n<div class=\"wp-block-column is-layout-flow wp-block-column-is-layout-flow\">\n<p class=\"ticss-37e21cd3 has-ast-global-color-5-color has-text-color has-background\" style=\"background-color:#f85fde\"><strong>Plus de 300 joueurs<\/strong><br>sont pass\u00e9s par les BRAKASS depuis sa cr\u00e9ation                                                                <\/p>\n<\/div>\n<\/div>\n<\/div>\n\n\n\n<div class=\"wp-block-column is-layout-flow wp-block-column-is-layout-flow\" style=\"flex-basis:10%\"><\/div>\n<\/div>\n<\/div>\n\n\n\n<hr class=\"wp-block-separator has-alpha-channel-opacity\"\/>\n\n\n\n<h2 class=\"wp-block-heading has-text-align-center\"><strong>Bureau Brakass<\/strong><\/h2>\n\n\n\n<link rel=\"stylesheet\" href=\"https:\/\/cdnjs.cloudflare.com\/ajax\/libs\/materialize\/1.0.0\/css\/materialize.min.css\">\n\n <script src=\"https:\/\/cdnjs.cloudflare.com\/ajax\/libs\/materialize\/1.0.0\/js\/materialize.min.js\"><\/script>\n\n <link href=\"https:\/\/fonts.googleapis.com\/icon?family=Material+Icons\" rel=\"stylesheet\">\n\n\n<script>\n\nwindow.onload = (event) => {\n   var elresult = document.getElementById(\"resultat\");\n var instance = M.Tabs.init(elresult);\n};\n<\/script>\n\n<style>\n#center{\n\ndisplay: inline-block;\n}\n<\/style>\n\n\n\n\n\n<p><\/p>\n\n\n\n<h2 class=\"wp-block-heading\"><\/h2>\n\n\n<h2 style=\"text-align: center;\"><strong>Contactez-nous<\/strong><\/h2>\n\n\n<div class=\"wp-block-columns is-layout-flex wp-container-core-columns-is-layout-28f84493 wp-block-columns-is-layout-flex\">\n<div class=\"wp-block-column is-layout-flow wp-block-column-is-layout-flow\">\n<p class=\"has-text-align-center\"><strong>VIVEZ EN ROSE ET BLEU !<\/strong><\/p>\n\n\n\n<p>Venez d\u00e9couvrir notre club, sa vie sur le terrain et en dehors !<br>Matchs amicaux, \u00e9v\u00e8nements extra sportive, rencontres r\u00e9seaux professionnels, autant d\u2019activit\u00e9s qui font<br>que les Brakass sont bien plus qu\u2019un simple club de rugby.<br>Pour venir jouer ou nous sponsoriser, n\u2019h\u00e9sitez pas \u00e0 contacter notre \u00e9quipe pour plus de renseignements !<\/p>\n\n\n\n<div class=\"wp-block-buttons is-content-justification-center is-layout-flex wp-container-core-buttons-is-layout-a89b3969 wp-block-buttons-is-layout-flex\">\n<div class=\"wp-block-button\"><a class=\"wp-block-button__link has-text-align-center wp-element-button\" href=\"http:\/\/rugby-nantes.fr\/?page_id=506\">Contact<\/a><\/div>\n<\/div>\n<\/div>\n<\/div>\n","protected":false},"excerpt":{"rendered":"<p>BRAKASS RUGBY CLUB Le Club de Rugby Nantais les BRAKASS est un club de rugby loisir localis\u00e9 \u00e0 Nantes. Trois \u00e9quipes constituent notre club : Rugby Loisir, Rugby \u00e0 5 et Rugby \u00e0 10 Rugby Loisir \u00e0 15 : Rugby avec plaquage, accessible aux novices et aux joueurs exp\u00e9riment\u00e9s. Les entra\u00eenements se d\u00e9roulent le mardi &hellip;<\/p>\n<p class=\"read-more\"> <a class=\"\" href=\"https:\/\/rugby-nantes.fr\/\"> <span class=\"screen-reader-text\">BRAKASS<\/span> Lire la suite\u00a0\u00bb<\/a><\/p>\n","protected":false},"author":1,"featured_media":0,"parent":0,"menu_order":0,"comment_status":"closed","ping_status":"closed","template":"","meta":{"_acf_changed":false,"site-sidebar-layout":"default","site-content-layout":"default","ast-global-header-display":"","ast-main-header-display":"","ast-hfb-above-header-display":"","ast-hfb-below-header-display":"","ast-hfb-mobile-header-display":"","site-post-title":"disabled","ast-breadcrumbs-content":"","ast-featured-img":"","footer-sml-layout":"","theme-transparent-header-meta":"","adv-header-id-meta":"","stick-header-meta":"","header-above-stick-meta":"","header-main-stick-meta":"","header-below-stick-meta":"","_themeisle_gutenberg_block_has_review":false,"footnotes":""},"class_list":["post-2","page","type-page","status-publish","hentry"],"acf":[],"aioseo_notices":[],"_links":{"self":[{"href":"https:\/\/rugby-nantes.fr\/index.php?rest_route=\/wp\/v2\/pages\/2","targetHints":{"allow":["GET"]}}],"collection":[{"href":"https:\/\/rugby-nantes.fr\/index.php?rest_route=\/wp\/v2\/pages"}],"about":[{"href":"https:\/\/rugby-nantes.fr\/index.php?rest_route=\/wp\/v2\/types\/page"}],"author":[{"embeddable":true,"href":"https:\/\/rugby-nantes.fr\/index.php?rest_route=\/wp\/v2\/users\/1"}],"replies":[{"embeddable":true,"href":"https:\/\/rugby-nantes.fr\/index.php?rest_route=%2Fwp%2Fv2%2Fcomments&post=2"}],"version-history":[{"count":100,"href":"https:\/\/rugby-nantes.fr\/index.php?rest_route=\/wp\/v2\/pages\/2\/revisions"}],"predecessor-version":[{"id":1642,"href":"https:\/\/rugby-nantes.fr\/index.php?rest_route=\/wp\/v2\/pages\/2\/revisions\/1642"}],"wp:attachment":[{"href":"https:\/\/rugby-nantes.fr\/index.php?rest_route=%2Fwp%2Fv2%2Fmedia&parent=2"}],"curies":[{"name":"wp","href":"https:\/\/api.w.org\/{rel}","templated":true}]}}