{"id":1469,"date":"2024-07-04T23:03:50","date_gmt":"2024-07-04T21:03:50","guid":{"rendered":"https:\/\/rugby-nantes.fr\/?page_id=1469"},"modified":"2024-08-27T22:47:30","modified_gmt":"2024-08-27T20:47:30","slug":"rugby-old","status":"publish","type":"page","link":"https:\/\/rugby-nantes.fr\/?page_id=1469","title":{"rendered":"Rugby Old"},"content":{"rendered":"\n<div id=\"wp-block-themeisle-blocks-advanced-columns-e4314ef6\" class=\"wp-block-themeisle-blocks-advanced-columns has-1-columns has-desktop-equal-layout has-tablet-equal-layout has-mobile-equal-layout has-vertical-unset\"><div class=\"wp-block-themeisle-blocks-advanced-columns-overlay\"><\/div><div class=\"innerblocks-wrap\">\n<div id=\"wp-block-themeisle-blocks-advanced-column-1d18f2b5\" class=\"wp-block-themeisle-blocks-advanced-column\">\n<h1 class=\"wp-block-heading has-text-align-center\">Rugby Old<\/h1>\n<\/div>\n<\/div><\/div>\n\n\n\n<figure class=\"wp-block-image alignfull size-large\"><img loading=\"lazy\" decoding=\"async\" width=\"1024\" height=\"381\" src=\"http:\/\/rugby-nantes.fr\/wp-content\/uploads\/2024\/07\/banniereRugbyOLD-1024x381.jpg\" alt=\"\" class=\"wp-image-1441\" srcset=\"https:\/\/rugby-nantes.fr\/wp-content\/uploads\/2024\/07\/banniereRugbyOLD-1024x381.jpg 1024w, https:\/\/rugby-nantes.fr\/wp-content\/uploads\/2024\/07\/banniereRugbyOLD-300x112.jpg 300w, https:\/\/rugby-nantes.fr\/wp-content\/uploads\/2024\/07\/banniereRugbyOLD-768x286.jpg 768w, https:\/\/rugby-nantes.fr\/wp-content\/uploads\/2024\/07\/banniereRugbyOLD-1536x572.jpg 1536w, https:\/\/rugby-nantes.fr\/wp-content\/uploads\/2024\/07\/banniereRugbyOLD-2048x762.jpg 2048w\" sizes=\"auto, (max-width: 1024px) 100vw, 1024px\" \/><\/figure>\n\n\n\n<p><\/p>\n\n\n\n<p>Vous \u00eates un passionn\u00e9 de rugby avec l&rsquo;exp\u00e9rience et la sagesse qui viennent avec les ann\u00e9es ?<\/p>\n\n\n\n<p>Bienvenue chez les<strong> OLD BRAKASS<\/strong> ! Rugby pour les passionn\u00e9s de <strong>35 ans et plus !<\/strong><\/p>\n\n\n\n<p>Les OLD BRAKASS ont \u00e9t\u00e9 form\u00e9s pour offrir aux passionn\u00e9s du XV une opportunit\u00e9 unique : rester avec les copains et continuer \u00e0 pratiquer le rugby. Le groupe s&rsquo;est form\u00e9 avec les anciens joueurs du club, mais de nouvelles recrues viennent chaque ann\u00e9e enrichir ce groupe pluri-originaire rugbystique.<\/p>\n\n\n\n<p>Rejoignez les OLD BRAKASS pour d\u00e9couvrir ou red\u00e9couvrir le plaisir du Rugby ! Que vous soyez <strong>novice <\/strong>ou <strong>ancien joueur<\/strong>, notre \u00e9quipe accueille tous les niveaux avec enthousiasme et c\u2019est une excellente mani\u00e8re de rester en forme, surtout \u00e0 nos \u00e2ges\u2026<\/p>\n\n\n\n<p><\/p>\n\n\n\n<div id=\"wp-block-themeisle-blocks-advanced-columns-c683c2e1\" class=\"wp-block-themeisle-blocks-advanced-columns has-3-columns has-desktop-twoOneOne-layout has-tablet-equal-layout has-mobile-equal-layout has-vertical-unset\"><div class=\"wp-block-themeisle-blocks-advanced-columns-overlay\"><\/div><div class=\"innerblocks-wrap\">\n<div id=\"wp-block-themeisle-blocks-advanced-column-4b3e199f\" class=\"wp-block-themeisle-blocks-advanced-column\"><\/div>\n\n\n\n<div id=\"wp-block-themeisle-blocks-advanced-column-5be66364\" class=\"wp-block-themeisle-blocks-advanced-column\"><\/div>\n\n\n\n<div id=\"wp-block-themeisle-blocks-advanced-column-c649969a\" class=\"wp-block-themeisle-blocks-advanced-column\">\n<p>Nos entra\u00eenements ont lieu tous les <strong>mardis<\/strong>, de<strong> 20h \u00e0 22h<\/strong>, avec l\u2019\u00e9quipe du XV sur le stade de la <strong>plaine de jeux de S\u00e8vre<\/strong>. En plus des entra\u00eenements r\u00e9guliers, les OLD BRAKASS participent \u00e0 plusieurs tournois tout au long de l&rsquo;ann\u00e9e. Ces tournois peuvent varier en format, que ce soit \u00e0 dix ou quinze joueurs, avec ou sans classement. L&rsquo;esprit de ces \u00e9v\u00e9nements est simple : jouer avec passion sur le terrain et c\u00e9l\u00e9brer ensemble apr\u00e8s les matchs.<\/p>\n<\/div>\n<\/div><\/div>\n\n\n\n<p><\/p>\n\n\n\n<div class=\"wp-block-buttons is-content-justification-center is-layout-flex wp-container-core-buttons-is-layout-a89b3969 wp-block-buttons-is-layout-flex\">\n<div class=\"wp-block-button\"><a class=\"wp-block-button__link wp-element-button\" href=\"http:\/\/rugby-nantes.fr\/?page_id=506\">Contact<\/a><\/div>\n<\/div>\n\n\n\n<p><\/p>\n\n\n\n<h2 class=\"wp-block-heading\">Vid\u00e9o de tournoi au Rheu<\/h2>\n\n\n\n<p><\/p>\n\n\n\n<div class=\"wp-block-columns is-layout-flex wp-container-core-columns-is-layout-28f84493 wp-block-columns-is-layout-flex\">\n<div class=\"wp-block-column is-layout-flow wp-block-column-is-layout-flow\" style=\"flex-basis:25%\"><\/div>\n\n\n\n<div class=\"wp-block-column is-layout-flow wp-block-column-is-layout-flow\" style=\"flex-basis:50%\">\n<figure class=\"wp-block-video\"><video height=\"1350\" style=\"aspect-ratio: 1080 \/ 1350;\" width=\"1080\" controls muted poster=\"http:\/\/rugby-nantes.fr\/wp-content\/uploads\/2024\/07\/tournoiOld.jpg\" src=\"http:\/\/rugby-nantes.fr\/wp-content\/uploads\/2024\/07\/\ud835\udc13\ud835\udc28\ud835\udc2e\ud835\udc2b\ud835\udc27\ud835\udc28\ud835\udc22Old.mp4\"><\/video><\/figure>\n<\/div>\n\n\n\n<div class=\"wp-block-column is-layout-flow wp-block-column-is-layout-flow\" style=\"flex-basis:25%\"><\/div>\n<\/div>\n","protected":false},"excerpt":{"rendered":"<p>Vous \u00eates un passionn\u00e9 de rugby avec l&rsquo;exp\u00e9rience et la sagesse qui viennent avec les ann\u00e9es ? Bienvenue chez les OLD BRAKASS ! Rugby pour les passionn\u00e9s de 35 ans et plus ! Les OLD BRAKASS ont \u00e9t\u00e9 form\u00e9s pour offrir aux passionn\u00e9s du XV une opportunit\u00e9 unique : rester avec les copains et continuer &hellip;<\/p>\n<p class=\"read-more\"> <a class=\"\" href=\"https:\/\/rugby-nantes.fr\/?page_id=1469\"> <span class=\"screen-reader-text\">Rugby Old<\/span> Lire la suite\u00a0\u00bb<\/a><\/p>\n","protected":false},"author":1,"featured_media":0,"parent":0,"menu_order":0,"comment_status":"closed","ping_status":"closed","template":"","meta":{"_acf_changed":false,"site-sidebar-layout":"default","site-content-layout":"default","ast-global-header-display":"","ast-main-header-display":"","ast-hfb-above-header-display":"","ast-hfb-below-header-display":"","ast-hfb-mobile-header-display":"","site-post-title":"disabled","ast-breadcrumbs-content":"","ast-featured-img":"","footer-sml-layout":"","theme-transparent-header-meta":"","adv-header-id-meta":"","stick-header-meta":"","header-above-stick-meta":"","header-main-stick-meta":"","header-below-stick-meta":"","_themeisle_gutenberg_block_has_review":false,"footnotes":""},"class_list":["post-1469","page","type-page","status-publish","hentry"],"acf":[],"aioseo_notices":[],"_links":{"self":[{"href":"https:\/\/rugby-nantes.fr\/index.php?rest_route=\/wp\/v2\/pages\/1469","targetHints":{"allow":["GET"]}}],"collection":[{"href":"https:\/\/rugby-nantes.fr\/index.php?rest_route=\/wp\/v2\/pages"}],"about":[{"href":"https:\/\/rugby-nantes.fr\/index.php?rest_route=\/wp\/v2\/types\/page"}],"author":[{"embeddable":true,"href":"https:\/\/rugby-nantes.fr\/index.php?rest_route=\/wp\/v2\/users\/1"}],"replies":[{"embeddable":true,"href":"https:\/\/rugby-nantes.fr\/index.php?rest_route=%2Fwp%2Fv2%2Fcomments&post=1469"}],"version-history":[{"count":25,"href":"https:\/\/rugby-nantes.fr\/index.php?rest_route=\/wp\/v2\/pages\/1469\/revisions"}],"predecessor-version":[{"id":1613,"href":"https:\/\/rugby-nantes.fr\/index.php?rest_route=\/wp\/v2\/pages\/1469\/revisions\/1613"}],"wp:attachment":[{"href":"https:\/\/rugby-nantes.fr\/index.php?rest_route=%2Fwp%2Fv2%2Fmedia&parent=1469"}],"curies":[{"name":"wp","href":"https:\/\/api.w.org\/{rel}","templated":true}]}}