{"id":1163,"date":"2024-06-03T21:54:40","date_gmt":"2024-06-03T19:54:40","guid":{"rendered":"https:\/\/rugby-nantes.fr\/?page_id=1163"},"modified":"2024-08-27T22:45:12","modified_gmt":"2024-08-27T20:45:12","slug":"rugby-a-xv","status":"publish","type":"page","link":"https:\/\/rugby-nantes.fr\/?page_id=1163","title":{"rendered":"Rugby a XV"},"content":{"rendered":"\n<h1 class=\"wp-block-heading has-text-align-center\"><strong>Rugby a XV<\/strong><\/h1>\n\n\n\n<figure class=\"wp-block-image alignfull size-large\"><img loading=\"lazy\" decoding=\"async\" width=\"1024\" height=\"381\" src=\"http:\/\/rugby-nantes.fr\/wp-content\/uploads\/2024\/07\/banniereRugbyXV-1024x381.jpg\" alt=\"\" class=\"wp-image-1443\" srcset=\"https:\/\/rugby-nantes.fr\/wp-content\/uploads\/2024\/07\/banniereRugbyXV-1024x381.jpg 1024w, https:\/\/rugby-nantes.fr\/wp-content\/uploads\/2024\/07\/banniereRugbyXV-300x112.jpg 300w, https:\/\/rugby-nantes.fr\/wp-content\/uploads\/2024\/07\/banniereRugbyXV-768x286.jpg 768w, https:\/\/rugby-nantes.fr\/wp-content\/uploads\/2024\/07\/banniereRugbyXV-1536x572.jpg 1536w, https:\/\/rugby-nantes.fr\/wp-content\/uploads\/2024\/07\/banniereRugbyXV-2048x762.jpg 2048w\" sizes=\"auto, (max-width: 1024px) 100vw, 1024px\" \/><\/figure>\n\n\n\n<p><\/p>\n\n\n\n<div id=\"wp-block-themeisle-blocks-advanced-columns-8c7a5e4c\" class=\"wp-block-themeisle-blocks-advanced-columns has-3-columns has-desktop-twoOneOne-layout has-tablet-equal-layout has-mobile-collapsedRows-layout has-vertical-unset\"><div class=\"wp-block-themeisle-blocks-advanced-columns-overlay\"><\/div><div class=\"innerblocks-wrap\">\n<div id=\"wp-block-themeisle-blocks-advanced-column-22439655\" class=\"wp-block-themeisle-blocks-advanced-column\"><\/div>\n\n\n\n<div id=\"wp-block-themeisle-blocks-advanced-column-37347dcf\" class=\"wp-block-themeisle-blocks-advanced-column\">\n<p><\/p>\n<\/div>\n\n\n\n<div id=\"wp-block-themeisle-blocks-advanced-column-27548273\" class=\"wp-block-themeisle-blocks-advanced-column\">\n<p><\/p>\n\n\n\n<p>Les entra\u00eenements sont tous les mardis soir \u00e0 20h sur le stade de la plaine des jeux de S\u00e8vres<\/p>\n\n\n\n<p>Nos matchs ont lieu les dimanches matin. C&rsquo;est l&rsquo;occasion id\u00e9ale pour nous soutenir et vibrer ensemble au rythme des exploits de l&rsquo;\u00e9quipe. Nous comptons sur votre pr\u00e9sence pour nous donner l&rsquo;\u00e9nergie n\u00e9cessaire et transformer chaque rencontre en un moment inoubliable.<\/p>\n\n\n\n<p>Rejoignez-nous et vivez la passion du sport avec les BRAKASS !<br>\u00c0 tr\u00e8s bient\u00f4t sur le terrain.<\/p>\n\n\n\n<div class=\"wp-block-buttons is-content-justification-center is-layout-flex wp-container-core-buttons-is-layout-a89b3969 wp-block-buttons-is-layout-flex\">\n<div class=\"wp-block-button\"><a class=\"wp-block-button__link wp-element-button\" href=\"http:\/\/rugby-nantes.fr\/?page_id=506\">Contact<\/a><\/div>\n<\/div>\n\n\n\n<p><\/p>\n<\/div>\n<\/div><\/div>\n\n\n\n<p><\/p>\n\n\n\n<p><\/p>\n\n\n\n<hr class=\"wp-block-separator has-alpha-channel-opacity\"\/>\n\n\n\n<h2 class=\"wp-block-heading has-text-align-center\"><strong>Resultat Saison<\/strong><\/h2>\n\n\n\n<p><\/p>\n\n\n\n<link rel=\"stylesheet\" href=\"https:\/\/cdnjs.cloudflare.com\/ajax\/libs\/materialize\/1.0.0\/css\/materialize.min.css\">\n\n <script src=\"https:\/\/cdnjs.cloudflare.com\/ajax\/libs\/materialize\/1.0.0\/js\/materialize.min.js\"><\/script>\n\n <link href=\"https:\/\/fonts.googleapis.com\/icon?family=Material+Icons\" rel=\"stylesheet\">\n\n\n<script>\n\nwindow.onload = (event) => {\n   var elresult = document.getElementById(\"resultat\");\n var instance = M.Tabs.init(elresult);\n};\n<\/script>\n\n<style>\n#center{\n\ndisplay: inline-block;\n}\n<\/style>\n\n\n\n\n\n<h2 class=\"wp-block-heading\"><\/h2>\n\n\n\n<hr class=\"wp-block-separator has-alpha-channel-opacity\"\/>\n\n\n\n<h2 class=\"wp-block-heading has-text-align-center\"><strong>Equipe<\/strong><\/h2>\n\n\n\n<h3 class=\"wp-block-heading\">Coachs<\/h3>\n\n\n\n\n\n<hr class=\"wp-block-separator has-alpha-channel-opacity\"\/>\n\n\n\n<h3 class=\"wp-block-heading\">Avants<\/h3>\n\n\n\n\n\n<h3 class=\"wp-block-heading\">Trois quarts<\/h3>\n\n\n","protected":false},"excerpt":{"rendered":"<p>Rugby a XV Resultat Saison Equipe Coachs Avants Trois quarts<\/p>\n","protected":false},"author":1,"featured_media":0,"parent":0,"menu_order":0,"comment_status":"closed","ping_status":"closed","template":"","meta":{"_acf_changed":false,"site-sidebar-layout":"default","site-content-layout":"default","ast-global-header-display":"","ast-main-header-display":"","ast-hfb-above-header-display":"","ast-hfb-below-header-display":"","ast-hfb-mobile-header-display":"","site-post-title":"disabled","ast-breadcrumbs-content":"","ast-featured-img":"","footer-sml-layout":"","theme-transparent-header-meta":"","adv-header-id-meta":"","stick-header-meta":"","header-above-stick-meta":"","header-main-stick-meta":"","header-below-stick-meta":"","_themeisle_gutenberg_block_has_review":false,"footnotes":""},"class_list":["post-1163","page","type-page","status-publish","hentry"],"acf":[],"aioseo_notices":[],"_links":{"self":[{"href":"https:\/\/rugby-nantes.fr\/index.php?rest_route=\/wp\/v2\/pages\/1163","targetHints":{"allow":["GET"]}}],"collection":[{"href":"https:\/\/rugby-nantes.fr\/index.php?rest_route=\/wp\/v2\/pages"}],"about":[{"href":"https:\/\/rugby-nantes.fr\/index.php?rest_route=\/wp\/v2\/types\/page"}],"author":[{"embeddable":true,"href":"https:\/\/rugby-nantes.fr\/index.php?rest_route=\/wp\/v2\/users\/1"}],"replies":[{"embeddable":true,"href":"https:\/\/rugby-nantes.fr\/index.php?rest_route=%2Fwp%2Fv2%2Fcomments&post=1163"}],"version-history":[{"count":90,"href":"https:\/\/rugby-nantes.fr\/index.php?rest_route=\/wp\/v2\/pages\/1163\/revisions"}],"predecessor-version":[{"id":1610,"href":"https:\/\/rugby-nantes.fr\/index.php?rest_route=\/wp\/v2\/pages\/1163\/revisions\/1610"}],"wp:attachment":[{"href":"https:\/\/rugby-nantes.fr\/index.php?rest_route=%2Fwp%2Fv2%2Fmedia&parent=1163"}],"curies":[{"name":"wp","href":"https:\/\/api.w.org\/{rel}","templated":true}]}}